{"id":35,"date":"2023-08-23T18:38:05","date_gmt":"2023-08-23T18:38:05","guid":{"rendered":"https:\/\/www.jazzkueche.de\/?page_id=35"},"modified":"2026-03-31T18:59:03","modified_gmt":"2026-03-31T18:59:03","slug":"empfehlung","status":"publish","type":"page","link":"https:\/\/www.jazzkueche.de\/?page_id=35","title":{"rendered":"Empfehlungen"},"content":{"rendered":"\n<h2 class=\"wp-block-heading has-vivid-cyan-blue-color has-text-color has-link-color wp-elements-b2f6d13e57f363c14034d372bc8ba60d\" style=\"font-size:24px\"><strong>kommende Termine:<\/strong><\/h2>\n\n\n\n<p class=\"has-vivid-cyan-blue-color has-text-color has-link-color has-large-font-size wp-elements-55264d6d4f703ff18528e79ea19f9c74\">2026<\/p>\n\n\n\n<p class=\"has-vivid-cyan-blue-color has-text-color has-link-color wp-elements-ee9a4910e9d942eb8da09e18ea73cfc3\" style=\"font-size:18px\">MI 10.06. 19.30 Uhr &#8211; <strong>Jazzkonzer<\/strong>t &#8211; <a href=\"https:\/\/www.amsinck-haus.de\/veranstaltungen\">Amsinck Haus<\/a>, Reu\u00dfenk\u00f6ge<\/p>\n\n\n\n<figure class=\"wp-block-image size-full is-resized\"><a href=\"https:\/\/www.jazzkueche.de\/wp-content\/uploads\/2026\/01\/das-amsinck-haus.jpg\"><img fetchpriority=\"high\" decoding=\"async\" width=\"588\" height=\"392\" src=\"https:\/\/www.jazzkueche.de\/wp-content\/uploads\/2026\/01\/das-amsinck-haus.jpg\" alt=\"\" class=\"wp-image-815\" style=\"aspect-ratio:1.5000389985180562;width:498px;height:auto\" srcset=\"https:\/\/www.jazzkueche.de\/wp-content\/uploads\/2026\/01\/das-amsinck-haus.jpg 588w, https:\/\/www.jazzkueche.de\/wp-content\/uploads\/2026\/01\/das-amsinck-haus-300x200.jpg 300w\" sizes=\"(max-width: 588px) 100vw, 588px\" \/><\/a><\/figure>\n\n\n\n<p class=\"has-vivid-cyan-blue-color has-text-color has-link-color wp-elements-44b57cea3c261b11497c1afdc2a2cc6a\" id=\"https:\/\/andersen-hues.de\/veranstaltungen\/\" style=\"font-size:18px\">SA 13.06. 19.30 Uhr &#8211; <strong>Jazzkonzert<\/strong> &#8211; <a href=\"https:\/\/andersen-hues.de\/veranstaltungen\">Andersen-H\u00fcs<\/a>, Klockries<\/p>\n\n\n\n<figure class=\"wp-block-image size-full is-resized\"><a href=\"https:\/\/www.jazzkueche.de\/wp-content\/uploads\/2026\/01\/a-hues_heute.jpg\"><img decoding=\"async\" width=\"720\" height=\"420\" src=\"https:\/\/www.jazzkueche.de\/wp-content\/uploads\/2026\/01\/a-hues_heute.jpg\" alt=\"\" class=\"wp-image-817\" style=\"aspect-ratio:1.7143311342500596;width:500px;height:auto\" srcset=\"https:\/\/www.jazzkueche.de\/wp-content\/uploads\/2026\/01\/a-hues_heute.jpg 720w, https:\/\/www.jazzkueche.de\/wp-content\/uploads\/2026\/01\/a-hues_heute-300x175.jpg 300w\" sizes=\"(max-width: 720px) 100vw, 720px\" \/><\/a><\/figure>\n\n\n\n<p class=\"has-vivid-cyan-blue-color has-text-color has-link-color wp-elements-0cb6783d996f2590bab8269dfbcce2f8\" style=\"font-size:18px\">SA   20.06.    &#8211; <strong>Veranstaltung in Planung<\/strong> &#8211; Informationen folgen hier<\/p>\n\n\n\n<figure class=\"wp-block-image size-large is-resized\"><a href=\"https:\/\/www.jazzkueche.de\/wp-content\/uploads\/2026\/03\/neue_schaetze_im_mkdw_jochen_hein_das_schwarze_meer_2018_rechts_foto_lukas_spoerl.jpg\"><img decoding=\"async\" width=\"1024\" height=\"639\" src=\"https:\/\/www.jazzkueche.de\/wp-content\/uploads\/2026\/03\/neue_schaetze_im_mkdw_jochen_hein_das_schwarze_meer_2018_rechts_foto_lukas_spoerl-1024x639.jpg\" alt=\"\" class=\"wp-image-860\" style=\"aspect-ratio:1.6025560054983838;width:499px;height:auto\" srcset=\"https:\/\/www.jazzkueche.de\/wp-content\/uploads\/2026\/03\/neue_schaetze_im_mkdw_jochen_hein_das_schwarze_meer_2018_rechts_foto_lukas_spoerl-1024x639.jpg 1024w, https:\/\/www.jazzkueche.de\/wp-content\/uploads\/2026\/03\/neue_schaetze_im_mkdw_jochen_hein_das_schwarze_meer_2018_rechts_foto_lukas_spoerl-300x187.jpg 300w, https:\/\/www.jazzkueche.de\/wp-content\/uploads\/2026\/03\/neue_schaetze_im_mkdw_jochen_hein_das_schwarze_meer_2018_rechts_foto_lukas_spoerl-768x479.jpg 768w, https:\/\/www.jazzkueche.de\/wp-content\/uploads\/2026\/03\/neue_schaetze_im_mkdw_jochen_hein_das_schwarze_meer_2018_rechts_foto_lukas_spoerl-1536x958.jpg 1536w, https:\/\/www.jazzkueche.de\/wp-content\/uploads\/2026\/03\/neue_schaetze_im_mkdw_jochen_hein_das_schwarze_meer_2018_rechts_foto_lukas_spoerl.jpg 2000w\" sizes=\"(max-width: 706px) 89vw, (max-width: 767px) 82vw, 740px\" \/><\/a><\/figure>\n\n\n\n<p class=\"has-vivid-cyan-blue-color has-text-color has-link-color wp-elements-857ddebdad9d90cdb4a4a45aa15b92e9\" style=\"font-size:18px\">SA   01.08.    &#8211; <strong>Privatveranstaltung<\/strong> &#8211;<\/p>\n\n\n\n<p class=\"has-vivid-cyan-blue-color has-text-color has-link-color wp-elements-dee92d6bfde4af0667c1aec28421e952\" style=\"font-size:18px\">SO   09.08.    &#8211; <strong>Veranstaltung in Planung<\/strong> &#8211; Informationen folgen hier<\/p>\n\n\n\n<p class=\"has-vivid-cyan-blue-color has-text-color has-link-color wp-elements-413fa85322610a1b99123b8aee24ac23\" style=\"font-size:18px\">MI   12.08.    &#8211; <strong>Privatveranstaltung<\/strong> &#8211;<\/p>\n\n\n\n<p class=\"has-vivid-cyan-blue-color has-text-color has-link-color wp-elements-6ba8bdee9b56a9018022160b4a0aa9f1\" style=\"font-size:18px\">SO   13.09.   17.00 &#8211; <strong>Konzert mit &#8222;Joyful Voices&#8220;<\/strong> &#8211; Christuskirche Nieb\u00fcll<\/p>\n\n\n\n<figure class=\"wp-block-image size-large is-resized\"><a href=\"https:\/\/www.jazzkueche.de\/wp-content\/uploads\/2026\/02\/IMG_3157-1536x1024-1.jpg\"><img loading=\"lazy\" decoding=\"async\" width=\"1024\" height=\"683\" src=\"https:\/\/www.jazzkueche.de\/wp-content\/uploads\/2026\/02\/IMG_3157-1536x1024-1-1024x683.jpg\" alt=\"\" class=\"wp-image-827\" style=\"aspect-ratio:1.4992874769733413;width:500px;height:auto\" srcset=\"https:\/\/www.jazzkueche.de\/wp-content\/uploads\/2026\/02\/IMG_3157-1536x1024-1-1024x683.jpg 1024w, https:\/\/www.jazzkueche.de\/wp-content\/uploads\/2026\/02\/IMG_3157-1536x1024-1-300x200.jpg 300w, https:\/\/www.jazzkueche.de\/wp-content\/uploads\/2026\/02\/IMG_3157-1536x1024-1-768x512.jpg 768w, https:\/\/www.jazzkueche.de\/wp-content\/uploads\/2026\/02\/IMG_3157-1536x1024-1.jpg 1536w\" sizes=\"(max-width: 706px) 89vw, (max-width: 767px) 82vw, 740px\" \/><\/a><\/figure>\n\n\n\n<p class=\"has-vivid-cyan-blue-color has-text-color has-link-color wp-elements-9996868c66b95762094d22fe3f720feb\" style=\"font-size:18px\">SO   20.09.    &#8211; <strong>Veranstaltung in Planung<\/strong> &#8211; Informationen folgen hier<\/p>\n\n\n\n<p class=\"has-vivid-cyan-blue-color has-text-color has-link-color wp-elements-607e8a6fe106b0f16a8ee51111371261\" style=\"font-size:18px\">SA   31.10.   17.00 &#8211; <strong>Konzert mit &#8222;Vocal Weibs&#8220;<\/strong> &#8211; Stadthalle Nieb\u00fcll<\/p>\n\n\n\n<figure class=\"wp-block-image size-full is-resized\"><a href=\"https:\/\/www.jazzkueche.de\/wp-content\/uploads\/2026\/02\/OIP.iY7ForVGQwCJyUfMrdyzEAHaE7-2.jpeg\"><img loading=\"lazy\" decoding=\"async\" width=\"474\" height=\"315\" src=\"https:\/\/www.jazzkueche.de\/wp-content\/uploads\/2026\/02\/OIP.iY7ForVGQwCJyUfMrdyzEAHaE7-2.jpeg\" alt=\"\" class=\"wp-image-831\" style=\"width:496px;height:auto\" srcset=\"https:\/\/www.jazzkueche.de\/wp-content\/uploads\/2026\/02\/OIP.iY7ForVGQwCJyUfMrdyzEAHaE7-2.jpeg 474w, https:\/\/www.jazzkueche.de\/wp-content\/uploads\/2026\/02\/OIP.iY7ForVGQwCJyUfMrdyzEAHaE7-2-300x199.jpeg 300w\" sizes=\"(max-width: 474px) 100vw, 474px\" \/><\/a><\/figure>\n\n\n\n<p class=\"has-vivid-cyan-blue-color has-text-color has-link-color wp-elements-2e127872e745c5bdc111780f85a70c90\" style=\"font-size:24px\"> *  *  *<\/p>\n\n\n\n<h2 class=\"wp-block-heading has-cyan-bluish-gray-color has-text-color has-link-color wp-elements-bdf6fb168aed082b50f8ecd364a03337\" style=\"font-size:24px\"><strong>vergangene Termine:<\/strong><\/h2>\n\n\n\n<p class=\"has-cyan-bluish-gray-color has-text-color has-link-color has-large-font-size wp-elements-2fad94d80675e0a4284289a1e6e0d33c\">2026<\/p>\n\n\n\n<p class=\"has-cyan-bluish-gray-color has-text-color has-link-color wp-elements-92192807684e0cf574ec5191288dabc4\" style=\"font-size:18px\">28.03. &#8211; <strong>Das SuperDing<\/strong> &#8211; Stadthalle, Nieb\u00fcll<\/p>\n\n\n\n<p class=\"has-cyan-bluish-gray-color has-text-color has-link-color wp-elements-b56b7b30a10f0816666ba9960766a5e6\" style=\"font-size:18px\">06.02. &#8211; <strong>Jazzkonzert<\/strong> &#8211; Bergm\u00fchle, Flensburg<\/p>\n\n\n\n<p class=\"has-cyan-bluish-gray-color has-text-color has-link-color has-large-font-size wp-elements-196da5cc7c4c7eaaf8749a189d9f7df8\">2025<\/p>\n\n\n\n<p class=\"has-cyan-bluish-gray-color has-text-color has-link-color wp-elements-fd62a3f491ae25e5d7fdb27cb01bda1e\" style=\"font-size:18px\">29.12. &#8211; <strong>Wohnzimmerkonzert privat<\/strong> &#8211; Nieb\u00fcll<\/p>\n\n\n\n<p class=\"has-cyan-bluish-gray-color has-text-color has-link-color wp-elements-b1884bc520e7386754671849bdf0490e\" style=\"font-size:18px\">06.12. &#8211; <strong>Auftritt Zentralb\u00fchne<\/strong> &#8211; Weihnachtsmarkt Bredstedt<\/p>\n\n\n\n<p class=\"has-cyan-bluish-gray-color has-text-color has-link-color wp-elements-fd84d10ecfa7a0a825466028210ca43f\" style=\"font-size:18px\">02.11. &#8211; <strong>Doppelkonzert mit Kerstin Bogensee <\/strong>&#8211; CJK-Saal, Breklum<\/p>\n\n\n\n<p class=\"has-cyan-bluish-gray-color has-text-color has-link-color wp-elements-25d7b9c4b86944a3ae47ab1df7bb6a6c\" style=\"font-size:18px\">26.09. &#8211; <strong>Jazz goes Mensa 3<\/strong> &#8211; FPS-Mensa, Nieb\u00fcll<\/p>\n\n\n\n<p class=\"has-cyan-bluish-gray-color has-text-color has-link-color wp-elements-c90bf2ca1f0efaa2f2a688ab5286afba\" style=\"font-size:18px\">13.09. &#8211; <strong>Jazzkonzert<\/strong> &#8211; 3. Nieb\u00fcller Kulturnacht, Rathausplatz Nieb\u00fcll<\/p>\n\n\n\n<p class=\"has-cyan-bluish-gray-color has-text-color has-link-color wp-elements-d14313c54bbd4ed67e037d35b769eb01\" style=\"font-size:18px\">21.07. &#8211; <strong>Jazzkonzert<\/strong> &#8211; &#8222;Unnern Appelboom&#8220; Vogelkoje Nordstrand<\/p>\n\n\n\n<p class=\"has-cyan-bluish-gray-color has-text-color has-link-color wp-elements-92407876f68a895769908eee0758374f\" style=\"font-size:18px\">19.07. &#8211; <strong>Afro &amp; Salsa mit Trommeln<\/strong> &#8211; Sommerfest, Musikschule Sylt<\/p>\n\n\n\n<p class=\"has-cyan-bluish-gray-color has-text-color has-link-color wp-elements-01c85504774144c55825adcca20ad8f5\" style=\"font-size:18px\">13.07. &#8211; <strong>Kulturtage Jazzkonzert<\/strong> &#8211; Renate-Delfs-Platz, Flensburg<\/p>\n\n\n\n<p class=\"has-cyan-bluish-gray-color has-text-color has-link-color wp-elements-d18f20245cd51eb728e4aed26e5c442d\" style=\"font-size:18px\">13.06. &#8211; <strong>Jazz-Hut-Konzert openair<\/strong> &#8211; Waldheim Bohmstedt<\/p>\n\n\n\n<p class=\"has-cyan-bluish-gray-color has-text-color has-link-color wp-elements-1927c346d1345f1f08e0f5d87dbe186e\" style=\"font-size:18px\">18.05. &#8211; <strong>Jazzkonzert openair<\/strong> &#8211; Hoyerswort Herrenhaus<\/p>\n\n\n\n<p class=\"has-cyan-bluish-gray-color has-text-color has-link-color wp-elements-c4cae5ea0665737e86f46f292fc26bb2\" style=\"font-size:18px\">29.03. &#8211; <strong>FO African Culture Offene B\u00fchne<\/strong> &#8211; Stadthalle, Nieb\u00fcll<\/p>\n\n\n\n<p class=\"has-cyan-bluish-gray-color has-text-color has-link-color wp-elements-180fb9c1c54284a0b91b43f358522dfb\" style=\"font-size:18px\">22.02. &#8211; <strong>Beitrag Benefizkonzert<\/strong> &#8211; FPS-Mensa, Nieb\u00fcll<\/p>\n\n\n\n<p class=\"has-cyan-bluish-gray-color has-text-color has-link-color wp-elements-e89db754f85ba1e9cdbd65b364ccb541\" style=\"font-size:18px\">16.02. &#8211; <strong>Jazzkonzert<\/strong> &#8211; Speicher, Husum<\/p>\n\n\n\n<p class=\"has-cyan-bluish-gray-color has-text-color has-link-color has-large-font-size wp-elements-353fbb6d6dab9d725d5e1501ed5071fb\">2024<\/p>\n\n\n\n<p class=\"has-cyan-bluish-gray-color has-text-color has-link-color wp-elements-ddfb4dde32b96c2ea3142abe9168a0eb\" style=\"font-size:18px\">14.12. &#8211; <strong>Auftritt Zentralb\u00fchne<\/strong> &#8211; Weihnachtsmarkt Bredstedt<\/p>\n\n\n\n<p class=\"has-cyan-bluish-gray-color has-text-color has-link-color wp-elements-155e9cb49e1827b871eb0763b9efed88\" style=\"font-size:18px\">06.12. &#8211; <strong>Jazzkonzert<\/strong> &#8211; Bergm\u00fchle, Flensburg<\/p>\n\n\n\n<p class=\"has-cyan-bluish-gray-color has-text-color has-link-color wp-elements-efd8bb90b660f0abed4d10efe03d16c2\" style=\"font-size:18px\">20.10. &#8211; <strong>Jazzkonzert <\/strong>&#8211; Leck-Huus, Leck<\/p>\n\n\n\n<p class=\"has-cyan-bluish-gray-color has-text-color has-link-color wp-elements-4983105acd13a7ee9485ab19254c48e3\" style=\"font-size:18px\">20.09. &#8211; <strong>Jazz goes Mensa 2 <\/strong>&#8211; FPS-Mensa, Nieb\u00fcll<\/p>\n\n\n\n<p class=\"has-cyan-bluish-gray-color has-text-color has-link-color wp-elements-87778b2a41a165a3b108ffda3085d38d\" style=\"font-size:18px\">12.07. &#8211; <strong>Sommerfest <\/strong>&#8211; GreenTec-Campus, Stedesand<\/p>\n\n\n\n<p class=\"has-cyan-bluish-gray-color has-text-color has-link-color wp-elements-9546760192efc6b62fb9e02dff3105ec\" style=\"font-size:18px\">05.06. &#8211; <strong>Doppelkonzert <\/strong>&#8211; CJK-Saal, Breklum<\/p>\n\n\n\n<p class=\"has-cyan-bluish-gray-color has-text-color\" style=\"font-size:18px\">03.05. &#8211; <strong>Kulturtage Risum <\/strong>&#8211; Kirche St. Sebast<\/p>\n\n\n\n<p class=\"has-cyan-bluish-gray-color has-text-color has-link-color wp-elements-7ca27ba63f80b2224b0e40880ecc8af7\" style=\"font-size:18px\">28.04. &#8211; <strong>Er\u00f6ffnungskonzert <\/strong>&#8211; Waldheim, Bohmstedt<\/p>\n\n\n\n<p class=\"has-cyan-bluish-gray-color has-text-color has-link-color has-large-font-size wp-elements-23a249b83af789c96f40451487587fab\">2023<\/p>\n\n\n\n<p class=\"has-cyan-bluish-gray-color has-text-color\" style=\"font-size:18px\">15.09. &#8211; <strong>Jazz goes Mensa 1<\/strong> &#8211; FPS-Mensa, Nieb\u00fcll<\/p>\n\n\n\n<p class=\"has-cyan-bluish-gray-color has-text-color\" style=\"font-size:18px\">16.07. &#8211; <strong>Hoffest Charlottenhof<\/strong> &#8211; Klanxb\u00fcll<\/p>\n\n\n\n<p class=\"has-cyan-bluish-gray-color has-text-color\" style=\"font-size:18px\">01.07. &#8211; <strong>Offene B\u00fchne Nieb\u00fcll<\/strong> &#8211; Hof Deezb\u00fcller Stra\u00dfe 2<\/p>\n\n\n\n<p class=\"has-cyan-bluish-gray-color has-text-color\" style=\"font-size:18px\">25.02. &#8211; <strong>Offene B\u00fchne Nieb\u00fcll<\/strong> &#8211; Andersen H\u00fcs, Klockries<\/p>\n\n\n\n<p class=\"has-cyan-bluish-gray-color has-text-color\" style=\"font-size:18px\">24.02. &#8211; <strong>Beitrag Benefizkonzert<\/strong> &#8211; FPS-Mensa, Nieb\u00fcll<\/p>\n","protected":false},"excerpt":{"rendered":"<p>kommende Termine: 2026 MI 10.06. 19.30 Uhr &#8211; Jazzkonzert &#8211; Amsinck Haus, Reu\u00dfenk\u00f6ge SA 13.06. 19.30 Uhr &#8211; Jazzkonzert &#8211; Andersen-H\u00fcs, Klockries SA 20.06. &#8211; Veranstaltung in Planung &#8211; Informationen folgen hier SA 01.08. &#8211; Privatveranstaltung &#8211; SO 09.08. &#8211; Veranstaltung in Planung &#8211; Informationen folgen hier MI 12.08. &#8211; Privatveranstaltung &#8211; SO 13.09. 17.00 &hellip; <\/p>\n<p class=\"link-more\"><a href=\"https:\/\/www.jazzkueche.de\/?page_id=35\" class=\"more-link\"><span class=\"screen-reader-text\">\u201eEmpfehlungen\u201c <\/span>weiterlesen<\/a><\/p>\n","protected":false},"author":1,"featured_media":79,"parent":0,"menu_order":0,"comment_status":"closed","ping_status":"closed","template":"elementor_theme","meta":{"footnotes":""},"class_list":["post-35","page","type-page","status-publish","has-post-thumbnail","hentry"],"_links":{"self":[{"href":"https:\/\/www.jazzkueche.de\/index.php?rest_route=\/wp\/v2\/pages\/35","targetHints":{"allow":["GET"]}}],"collection":[{"href":"https:\/\/www.jazzkueche.de\/index.php?rest_route=\/wp\/v2\/pages"}],"about":[{"href":"https:\/\/www.jazzkueche.de\/index.php?rest_route=\/wp\/v2\/types\/page"}],"author":[{"embeddable":true,"href":"https:\/\/www.jazzkueche.de\/index.php?rest_route=\/wp\/v2\/users\/1"}],"replies":[{"embeddable":true,"href":"https:\/\/www.jazzkueche.de\/index.php?rest_route=%2Fwp%2Fv2%2Fcomments&post=35"}],"version-history":[{"count":5,"href":"https:\/\/www.jazzkueche.de\/index.php?rest_route=\/wp\/v2\/pages\/35\/revisions"}],"predecessor-version":[{"id":862,"href":"https:\/\/www.jazzkueche.de\/index.php?rest_route=\/wp\/v2\/pages\/35\/revisions\/862"}],"wp:featuredmedia":[{"embeddable":true,"href":"https:\/\/www.jazzkueche.de\/index.php?rest_route=\/wp\/v2\/media\/79"}],"wp:attachment":[{"href":"https:\/\/www.jazzkueche.de\/index.php?rest_route=%2Fwp%2Fv2%2Fmedia&parent=35"}],"curies":[{"name":"wp","href":"https:\/\/api.w.org\/{rel}","templated":true}]}}