{"id":194,"date":"2023-09-05T14:09:14","date_gmt":"2023-09-05T14:09:14","guid":{"rendered":"https:\/\/www.jazzkueche.de\/?page_id=194"},"modified":"2025-09-05T14:39:31","modified_gmt":"2025-09-05T14:39:31","slug":"sebastian-kruse","status":"publish","type":"page","link":"https:\/\/www.jazzkueche.de\/?page_id=194","title":{"rendered":"Hans Carstensen"},"content":{"rendered":"\n<div class=\"wp-block-columns is-layout-flex wp-container-core-columns-is-layout-9d6595d7 wp-block-columns-is-layout-flex\">\n<div class=\"wp-block-column is-layout-flow wp-block-column-is-layout-flow\">\n<figure class=\"wp-block-image size-large\"><img fetchpriority=\"high\" decoding=\"async\" width=\"768\" height=\"1024\" src=\"https:\/\/www.jazzkueche.de\/wp-content\/uploads\/2024\/04\/DSC08909-1-768x1024.jpg\" alt=\"\" class=\"wp-image-331\" srcset=\"https:\/\/www.jazzkueche.de\/wp-content\/uploads\/2024\/04\/DSC08909-1-768x1024.jpg 768w, https:\/\/www.jazzkueche.de\/wp-content\/uploads\/2024\/04\/DSC08909-1-225x300.jpg 225w, https:\/\/www.jazzkueche.de\/wp-content\/uploads\/2024\/04\/DSC08909-1-1152x1536.jpg 1152w, https:\/\/www.jazzkueche.de\/wp-content\/uploads\/2024\/04\/DSC08909-1-1536x2048.jpg 1536w, https:\/\/www.jazzkueche.de\/wp-content\/uploads\/2024\/04\/DSC08909-1-scaled.jpg 1920w\" sizes=\"(max-width: 706px) 89vw, (max-width: 767px) 82vw, 740px\" \/><\/figure>\n<\/div>\n\n\n\n<div class=\"wp-block-column is-layout-flow wp-block-column-is-layout-flow\">\n<p><strong>musikalische Stationen:<\/strong><\/p>\n\n\n\n<p>Crocodile Asses<\/p>\n\n\n\n<p>Nep\u00f8muk<\/p>\n\n\n\n<p>Ponch &amp; Hans<\/p>\n\n\n\n<p><strong>bereichert die Jazzk\u00fcche mit:<\/strong><\/p>\n\n\n\n<p>freiem Spiel nach Geh\u00f6r<\/p>\n\n\n\n<p>dominanter Solo-Begleitung<\/p>\n\n\n\n<p>spontanen Akkordvariationen<\/p>\n\n\n\n<p><strong>ist musikalisch begeistert von:<\/strong><\/p>\n\n\n\n<p>Beethoven, Keith Richards,<\/p>\n\n\n\n<p>Michael Jackson<\/p>\n<\/div>\n<\/div>\n","protected":false},"excerpt":{"rendered":"<p>musikalische Stationen: Crocodile Asses Nep\u00f8muk Ponch &amp; Hans bereichert die Jazzk\u00fcche mit: freiem Spiel nach Geh\u00f6r dominanter Solo-Begleitung spontanen Akkordvariationen ist musikalisch begeistert von: Beethoven, Keith Richards, Michael Jackson<\/p>\n","protected":false},"author":1,"featured_media":0,"parent":0,"menu_order":0,"comment_status":"closed","ping_status":"closed","template":"","meta":{"footnotes":""},"class_list":["post-194","page","type-page","status-publish","hentry"],"_links":{"self":[{"href":"https:\/\/www.jazzkueche.de\/index.php?rest_route=\/wp\/v2\/pages\/194","targetHints":{"allow":["GET"]}}],"collection":[{"href":"https:\/\/www.jazzkueche.de\/index.php?rest_route=\/wp\/v2\/pages"}],"about":[{"href":"https:\/\/www.jazzkueche.de\/index.php?rest_route=\/wp\/v2\/types\/page"}],"author":[{"embeddable":true,"href":"https:\/\/www.jazzkueche.de\/index.php?rest_route=\/wp\/v2\/users\/1"}],"replies":[{"embeddable":true,"href":"https:\/\/www.jazzkueche.de\/index.php?rest_route=%2Fwp%2Fv2%2Fcomments&post=194"}],"version-history":[{"count":5,"href":"https:\/\/www.jazzkueche.de\/index.php?rest_route=\/wp\/v2\/pages\/194\/revisions"}],"predecessor-version":[{"id":707,"href":"https:\/\/www.jazzkueche.de\/index.php?rest_route=\/wp\/v2\/pages\/194\/revisions\/707"}],"wp:attachment":[{"href":"https:\/\/www.jazzkueche.de\/index.php?rest_route=%2Fwp%2Fv2%2Fmedia&parent=194"}],"curies":[{"name":"wp","href":"https:\/\/api.w.org\/{rel}","templated":true}]}}