{"id":185,"date":"2023-09-05T14:05:29","date_gmt":"2023-09-05T14:05:29","guid":{"rendered":"https:\/\/www.jazzkueche.de\/?page_id=185"},"modified":"2025-09-05T14:36:03","modified_gmt":"2025-09-05T14:36:03","slug":"stefanie-brodersen","status":"publish","type":"page","link":"https:\/\/www.jazzkueche.de\/?page_id=185","title":{"rendered":"Stefanie Brodersen"},"content":{"rendered":"\n<div class=\"wp-block-columns is-layout-flex wp-container-core-columns-is-layout-9d6595d7 wp-block-columns-is-layout-flex\">\n<div class=\"wp-block-column is-layout-flow wp-block-column-is-layout-flow\">\n<figure class=\"wp-block-image size-large\"><img fetchpriority=\"high\" decoding=\"async\" width=\"768\" height=\"1024\" src=\"https:\/\/www.jazzkueche.de\/wp-content\/uploads\/2023\/08\/DSC08009-768x1024.jpg\" alt=\"\" class=\"wp-image-78\" srcset=\"https:\/\/www.jazzkueche.de\/wp-content\/uploads\/2023\/08\/DSC08009-768x1024.jpg 768w, https:\/\/www.jazzkueche.de\/wp-content\/uploads\/2023\/08\/DSC08009-225x300.jpg 225w, https:\/\/www.jazzkueche.de\/wp-content\/uploads\/2023\/08\/DSC08009-1152x1536.jpg 1152w, https:\/\/www.jazzkueche.de\/wp-content\/uploads\/2023\/08\/DSC08009-1536x2048.jpg 1536w, https:\/\/www.jazzkueche.de\/wp-content\/uploads\/2023\/08\/DSC08009-scaled.jpg 1920w\" sizes=\"(max-width: 706px) 89vw, (max-width: 767px) 82vw, 740px\" \/><\/figure>\n<\/div>\n\n\n\n<div class=\"wp-block-column is-layout-flow wp-block-column-is-layout-flow\">\n<p><strong>musikalische Stationen:<\/strong><\/p>\n\n\n\n<p>Saxophonquartett Quintessenz<\/p>\n\n\n\n<p>Saxophonquartett meerKLANG<\/p>\n\n\n\n<p>Saxophanten<\/p>\n\n\n\n<p>Holz &amp; Blech<\/p>\n\n\n\n<p>FPS Bigband Nieb\u00fcll<\/p>\n\n\n\n<p><strong>bereichert die Jazzk\u00fcche mit:<\/strong><\/p>\n\n\n\n<p>Weiblichkeit und einem warmen runden Ton<\/p>\n\n\n\n<p>Vorliebe f\u00fcr individuelle Arrangements<\/p>\n\n\n\n<p><strong>ist musikalisch begeistert von:<\/strong><\/p>\n\n\n\n<p>Annie Lennox, Oleta Adams, A\u0161a<\/p>\n\n\n\n<p>John Helliwell, Sting<\/p>\n<\/div>\n<\/div>\n","protected":false},"excerpt":{"rendered":"<p>musikalische Stationen: Saxophonquartett Quintessenz Saxophonquartett meerKLANG Saxophanten Holz &amp; Blech FPS Bigband Nieb\u00fcll bereichert die Jazzk\u00fcche mit: Weiblichkeit und einem warmen runden Ton Vorliebe f\u00fcr individuelle Arrangements ist musikalisch begeistert von: Annie Lennox, Oleta Adams, A\u0161a John Helliwell, Sting<\/p>\n","protected":false},"author":1,"featured_media":0,"parent":0,"menu_order":0,"comment_status":"closed","ping_status":"closed","template":"","meta":{"footnotes":""},"class_list":["post-185","page","type-page","status-publish","hentry"],"_links":{"self":[{"href":"https:\/\/www.jazzkueche.de\/index.php?rest_route=\/wp\/v2\/pages\/185","targetHints":{"allow":["GET"]}}],"collection":[{"href":"https:\/\/www.jazzkueche.de\/index.php?rest_route=\/wp\/v2\/pages"}],"about":[{"href":"https:\/\/www.jazzkueche.de\/index.php?rest_route=\/wp\/v2\/types\/page"}],"author":[{"embeddable":true,"href":"https:\/\/www.jazzkueche.de\/index.php?rest_route=\/wp\/v2\/users\/1"}],"replies":[{"embeddable":true,"href":"https:\/\/www.jazzkueche.de\/index.php?rest_route=%2Fwp%2Fv2%2Fcomments&post=185"}],"version-history":[{"count":5,"href":"https:\/\/www.jazzkueche.de\/index.php?rest_route=\/wp\/v2\/pages\/185\/revisions"}],"predecessor-version":[{"id":706,"href":"https:\/\/www.jazzkueche.de\/index.php?rest_route=\/wp\/v2\/pages\/185\/revisions\/706"}],"wp:attachment":[{"href":"https:\/\/www.jazzkueche.de\/index.php?rest_route=%2Fwp%2Fv2%2Fmedia&parent=185"}],"curies":[{"name":"wp","href":"https:\/\/api.w.org\/{rel}","templated":true}]}}