{"id":179,"date":"2023-09-05T14:00:00","date_gmt":"2023-09-05T14:00:00","guid":{"rendered":"https:\/\/www.jazzkueche.de\/?page_id=179"},"modified":"2025-09-05T14:34:22","modified_gmt":"2025-09-05T14:34:22","slug":"benjamin-milord","status":"publish","type":"page","link":"https:\/\/www.jazzkueche.de\/?page_id=179","title":{"rendered":"Benny Milord"},"content":{"rendered":"\n<div class=\"wp-block-columns is-layout-flex wp-container-core-columns-is-layout-9d6595d7 wp-block-columns-is-layout-flex\">\n<div class=\"wp-block-column is-layout-flow wp-block-column-is-layout-flow\">\n<figure class=\"wp-block-image size-large\"><img fetchpriority=\"high\" decoding=\"async\" width=\"768\" height=\"1024\" src=\"https:\/\/www.jazzkueche.de\/wp-content\/uploads\/2023\/08\/DSC07994-768x1024.jpg\" alt=\"\" class=\"wp-image-71\" srcset=\"https:\/\/www.jazzkueche.de\/wp-content\/uploads\/2023\/08\/DSC07994-768x1024.jpg 768w, https:\/\/www.jazzkueche.de\/wp-content\/uploads\/2023\/08\/DSC07994-225x300.jpg 225w, https:\/\/www.jazzkueche.de\/wp-content\/uploads\/2023\/08\/DSC07994-1152x1536.jpg 1152w, https:\/\/www.jazzkueche.de\/wp-content\/uploads\/2023\/08\/DSC07994-1536x2048.jpg 1536w, https:\/\/www.jazzkueche.de\/wp-content\/uploads\/2023\/08\/DSC07994-scaled.jpg 1920w\" sizes=\"(max-width: 706px) 89vw, (max-width: 767px) 82vw, 740px\" \/><\/figure>\n<\/div>\n\n\n\n<div class=\"wp-block-column is-layout-flow wp-block-column-is-layout-flow\">\n<p><strong>musikalische Stationen:<\/strong><\/p>\n\n\n\n<p>Uni-Bigband Flensburg<\/p>\n\n\n\n<p><strong>bereichert die Jazzk\u00fcche mit:<\/strong><\/p>\n\n\n\n<p>filigraner und pr\u00e4ziser Technik<\/p>\n\n\n\n<p>sensiblem Gesp\u00fcr f\u00fcr Dynamik<\/p>\n\n\n\n<p>erfinderischen und ausgekl\u00fcgelten Solos<\/p>\n\n\n\n<p><strong>ist musikalisch begeistert von:<\/strong><\/p>\n\n\n\n<p>Kenny Burrell (Jazzgitarrist)<\/p>\n\n\n\n<p>JAGA jazzist (norwegische Band)<\/p>\n<\/div>\n<\/div>\n","protected":false},"excerpt":{"rendered":"<p>musikalische Stationen: Uni-Bigband Flensburg bereichert die Jazzk\u00fcche mit: filigraner und pr\u00e4ziser Technik sensiblem Gesp\u00fcr f\u00fcr Dynamik erfinderischen und ausgekl\u00fcgelten Solos ist musikalisch begeistert von: Kenny Burrell (Jazzgitarrist) JAGA jazzist (norwegische Band)<\/p>\n","protected":false},"author":1,"featured_media":0,"parent":0,"menu_order":0,"comment_status":"closed","ping_status":"closed","template":"","meta":{"footnotes":""},"class_list":["post-179","page","type-page","status-publish","hentry"],"_links":{"self":[{"href":"https:\/\/www.jazzkueche.de\/index.php?rest_route=\/wp\/v2\/pages\/179","targetHints":{"allow":["GET"]}}],"collection":[{"href":"https:\/\/www.jazzkueche.de\/index.php?rest_route=\/wp\/v2\/pages"}],"about":[{"href":"https:\/\/www.jazzkueche.de\/index.php?rest_route=\/wp\/v2\/types\/page"}],"author":[{"embeddable":true,"href":"https:\/\/www.jazzkueche.de\/index.php?rest_route=\/wp\/v2\/users\/1"}],"replies":[{"embeddable":true,"href":"https:\/\/www.jazzkueche.de\/index.php?rest_route=%2Fwp%2Fv2%2Fcomments&post=179"}],"version-history":[{"count":5,"href":"https:\/\/www.jazzkueche.de\/index.php?rest_route=\/wp\/v2\/pages\/179\/revisions"}],"predecessor-version":[{"id":701,"href":"https:\/\/www.jazzkueche.de\/index.php?rest_route=\/wp\/v2\/pages\/179\/revisions\/701"}],"wp:attachment":[{"href":"https:\/\/www.jazzkueche.de\/index.php?rest_route=%2Fwp%2Fv2%2Fmedia&parent=179"}],"curies":[{"name":"wp","href":"https:\/\/api.w.org\/{rel}","templated":true}]}}