{"id":111,"date":"2023-09-03T14:52:44","date_gmt":"2023-09-03T14:52:44","guid":{"rendered":"https:\/\/www.jazzkueche.de\/?page_id=111"},"modified":"2026-01-04T12:40:27","modified_gmt":"2026-01-04T12:40:27","slug":"111-2","status":"publish","type":"page","link":"https:\/\/www.jazzkueche.de\/","title":{"rendered":"Jazzk\u00fcche"},"content":{"rendered":"\n<p class=\"has-medium-font-size\">2022: Zuf\u00e4llig begegnen sich eine Saxophonistin und ein Schlagzeuger. Beide sind auf der Suche nach neuen musikalischen Herausforderungen. Die Vision einer besonderen Formation verbindet sie. Inspiriert von der Leidenschaft f\u00fcr das jeweils eigene Instrument ist das Grundrezept sofort gefunden: eine Band mit Bl\u00e4sersektion und Rhythmusgruppe.<\/p>\n\n\n\n<p class=\"has-medium-font-size\">Die Vorliebe f\u00fcr Jazz, insbesondere Latin Jazz, pr\u00e4gt die Findungsphase. Schnell sind weitere Musiker zu begeistern: Erst kommt ein Trompeter mit Baritonsaxophon dazu. Er schreibt Notens\u00e4tze und Arrangements. Dann folgen ein Gitarrist, ein Bassist, ein Posaunist und ein Pianist. Voller Tatendrang und Kreativit\u00e4t machen sich alle an das gemeinsame Werk. Beste Voraussetzungen f\u00fcr einen neuen und besonderen H\u00f6rgenuss.<\/p>\n","protected":false},"excerpt":{"rendered":"<p>2022: Zuf\u00e4llig begegnen sich eine Saxophonistin und ein Schlagzeuger. Beide sind auf der Suche nach neuen musikalischen Herausforderungen. Die Vision einer besonderen Formation verbindet sie. Inspiriert von der Leidenschaft f\u00fcr das jeweils eigene Instrument ist das Grundrezept sofort gefunden: eine Band mit Bl\u00e4sersektion und Rhythmusgruppe. Die Vorliebe f\u00fcr Jazz, insbesondere Latin Jazz, pr\u00e4gt die Findungsphase. &hellip; <\/p>\n<p class=\"link-more\"><a href=\"https:\/\/www.jazzkueche.de\/\" class=\"more-link\"><span class=\"screen-reader-text\">\u201eJazzk\u00fcche\u201c <\/span>weiterlesen<\/a><\/p>\n","protected":false},"author":1,"featured_media":278,"parent":0,"menu_order":0,"comment_status":"closed","ping_status":"closed","template":"elementor_theme","meta":{"footnotes":""},"class_list":["post-111","page","type-page","status-publish","has-post-thumbnail","hentry"],"_links":{"self":[{"href":"https:\/\/www.jazzkueche.de\/index.php?rest_route=\/wp\/v2\/pages\/111","targetHints":{"allow":["GET"]}}],"collection":[{"href":"https:\/\/www.jazzkueche.de\/index.php?rest_route=\/wp\/v2\/pages"}],"about":[{"href":"https:\/\/www.jazzkueche.de\/index.php?rest_route=\/wp\/v2\/types\/page"}],"author":[{"embeddable":true,"href":"https:\/\/www.jazzkueche.de\/index.php?rest_route=\/wp\/v2\/users\/1"}],"replies":[{"embeddable":true,"href":"https:\/\/www.jazzkueche.de\/index.php?rest_route=%2Fwp%2Fv2%2Fcomments&post=111"}],"version-history":[{"count":5,"href":"https:\/\/www.jazzkueche.de\/index.php?rest_route=\/wp\/v2\/pages\/111\/revisions"}],"predecessor-version":[{"id":820,"href":"https:\/\/www.jazzkueche.de\/index.php?rest_route=\/wp\/v2\/pages\/111\/revisions\/820"}],"wp:featuredmedia":[{"embeddable":true,"href":"https:\/\/www.jazzkueche.de\/index.php?rest_route=\/wp\/v2\/media\/278"}],"wp:attachment":[{"href":"https:\/\/www.jazzkueche.de\/index.php?rest_route=%2Fwp%2Fv2%2Fmedia&parent=111"}],"curies":[{"name":"wp","href":"https:\/\/api.w.org\/{rel}","templated":true}]}}